{"id":4,"date":"2016-10-31T18:45:28","date_gmt":"2016-10-31T17:45:28","guid":{"rendered":"http:\/\/www.innerebalance.at\/?page_id=4"},"modified":"2023-10-01T23:10:59","modified_gmt":"2023-10-01T21:10:59","slug":"home","status":"publish","type":"page","link":"https:\/\/www.innerebalance.at\/","title":{"rendered":"HOME"},"content":{"rendered":"<h4><span style=\"color: #000000;\">Cranio Sacrale K\u00f6rperarbeit, Focusing (nach Eugene T. Gendlin) und Feldenkrais (nach Mosh\u00e9 Feldenkrais) &#8211; ganzheitliche Beachtung und Be-Handlung. Alle drei Arbeitsweisen sprechen auf unterschiedliche Art und Weise sowohl die Emotionen, als auch den K\u00f6rper an.<\/span><\/h4>\n<h4>Unsere Zeit ist gepr\u00e4gt von Stress, Hektik und einer inneren Uhr, die uns st\u00e4ndig weiter treibt.<\/h4>\n<h4>&#8222;Keine Zeit!&#8220; ist oft die Antwort auf den Wunsch, zwischendurch einmal still zu werden, seine Gedanken zu sammeln und seinem Inneren die M\u00f6glichkeit zu geben, sich zu Wort zu melden.<\/h4>\n<h4>Gesund zu sein bzw. zu bleiben bedeutet aber immer auch eine Gradwanderung zwischen Arbeit und Ruhe.<\/h4>\n<h4>Mit der Unterst\u00fctzung von unterschiedlichen Methoden ist es m\u00f6glich, dass K\u00f6rper und Emotionen die Gelegenheit bekommen &#8222;zu Wort&#8220; zu kommen. Dadurch wird sichtbar, was gerade gebraucht, gew\u00fcnscht oder vielleicht auch zu viel ist. Nur im Jetzt kann eine Ver\u00e4nderung erfolgen.<\/h4>\n<h4>Meine Methoden, die individuell zum Einsatz kommen, sind<\/h4>\n<ul>\n<li>\n<h4><strong>Cranio Sacrale K\u00f6rperarbeit <\/strong><\/h4>\n<\/li>\n<li>\n<h4><strong>Focusing nach Eugene T. Gendlin<\/strong><\/h4>\n<\/li>\n<li>\n<h4><strong>Feldenkrais nach Mosh\u00e9 Feldenkrais<\/strong><\/h4>\n<\/li>\n<\/ul>\n<h4>und stellen keinen Ersatz f\u00fcr eine medizinische bzw. therapeutische Diagnose und\/oder Behandlung dar.<\/h4>\n<h4>\u00a0<\/h4>\n<h4>\u201eWenn du wissen willst, wie deine Gedanken gestern waren, schau dir deinen heutigen K\u00f6rper an.<br \/>Wenn du wissen willst, wie dein K\u00f6rper morgen aussehen wird, betrachte deine heutigen Gedanken.\u201c<\/h4>\n<h4><em>(altes indisches Sprichwort)<\/em><\/h4>\n\n\n<p><\/p>\n\n\n\n<p class=\"has-vivid-purple-color has-text-color has-normal-font-size\"><\/p>\n","protected":false},"excerpt":{"rendered":"<p>Cranio Sacrale K\u00f6rperarbeit, Focusing (nach Eugene T. Gendlin) und Feldenkrais (nach Mosh\u00e9 Feldenkrais) &#8211; ganzheitliche Beachtung und Be-Handlung. Alle drei Arbeitsweisen sprechen auf unterschiedliche Art und Weise sowohl die Emotionen, als auch den K\u00f6rper an. Unsere Zeit ist gepr\u00e4gt von Stress, Hektik und einer inneren Uhr, die uns st\u00e4ndig weiter treibt. &#8222;Keine Zeit!&#8220; ist oft &hellip; <\/p>\n<p><a class=\"more-link btn\" href=\"https:\/\/www.innerebalance.at\/\">Weiterlesen<\/a><\/p>\n","protected":false},"author":1,"featured_media":0,"parent":0,"menu_order":0,"comment_status":"closed","ping_status":"closed","template":"","meta":{"footnotes":""},"class_list":["post-4","page","type-page","status-publish","hentry","nodate","item-wrap"],"_links":{"self":[{"href":"https:\/\/www.innerebalance.at\/index.php?rest_route=\/wp\/v2\/pages\/4","targetHints":{"allow":["GET"]}}],"collection":[{"href":"https:\/\/www.innerebalance.at\/index.php?rest_route=\/wp\/v2\/pages"}],"about":[{"href":"https:\/\/www.innerebalance.at\/index.php?rest_route=\/wp\/v2\/types\/page"}],"author":[{"embeddable":true,"href":"https:\/\/www.innerebalance.at\/index.php?rest_route=\/wp\/v2\/users\/1"}],"replies":[{"embeddable":true,"href":"https:\/\/www.innerebalance.at\/index.php?rest_route=%2Fwp%2Fv2%2Fcomments&post=4"}],"version-history":[{"count":30,"href":"https:\/\/www.innerebalance.at\/index.php?rest_route=\/wp\/v2\/pages\/4\/revisions"}],"predecessor-version":[{"id":718,"href":"https:\/\/www.innerebalance.at\/index.php?rest_route=\/wp\/v2\/pages\/4\/revisions\/718"}],"wp:attachment":[{"href":"https:\/\/www.innerebalance.at\/index.php?rest_route=%2Fwp%2Fv2%2Fmedia&parent=4"}],"curies":[{"name":"wp","href":"https:\/\/api.w.org\/{rel}","templated":true}]}}