{"id":49,"date":"2016-10-31T20:25:20","date_gmt":"2016-10-31T19:25:20","guid":{"rendered":"http:\/\/www.innerebalance.at\/?page_id=49"},"modified":"2022-12-27T13:42:34","modified_gmt":"2022-12-27T12:42:34","slug":"impressum","status":"publish","type":"page","link":"https:\/\/www.innerebalance.at\/?page_id=49","title":{"rendered":"Impressum"},"content":{"rendered":"<h4><strong>Mag. Karin Mayer<\/strong><\/h4>\n<p>Dipl. Psychologin, Universit\u00e4t Wien<\/p>\n<p>Cranio Sacral Balancing \/ Cranio Sacrale K\u00f6rperarbeit, Wifi Wien<\/p>\n<p>Feldenkrais (nach Mosh\u00e9 Feldenkrais), Feldenkrais Institut Wien<\/p>\n<p>Focusing (nach Eugene T. Gendlin), DAF Salzburg<\/p>\n<p>1050 Wien, Johannagasse 2\/19<\/p>\n<p>E-Mail:\u00a0<a href=\"mailto:mayer@innerebalance.at\">mayer@innerebalance.at<\/a><\/p>\n<p>Tel.: 0676 \/ 60 17 305<\/p>\n<h5><\/h5>\n<p><strong>RECHTLICHE HINWEISE<\/strong><\/p>\n<p><strong>Berufsbezeichung<\/strong>: Humanenergetikerin<\/p>\n<p><strong>Unternehmensgegenstand<\/strong>: freies Gewerbe<\/p>\n<p><strong>UID-Nummer<\/strong>: Keine UID-Nummer aufgrund der Kleinunternehmerregelung gem\u00e4\u00df \u00a76.Abs 1Z27 UstG<\/p>\n<p><strong>Mitgliedschaft<\/strong>: Wiener Wirtschaftskammer, Fachgruppe der pers\u00f6nlichen Dienstleister<\/p>\n<p><strong>Berufsrecht: <\/strong>Gewerbeordnung: www.ris.bka.gv.at<\/p>\n<p><strong>Aufsichtsbeh\u00f6rde\/Gewerbebeh\u00f6rde:<\/strong> Magistrat der Stadt Wien<\/p>\n<p><strong>Gerichtsstand<\/strong>: \u00d6sterreich<\/p>\n<p><strong>KLIENTENAUFKL\u00c4RUNG<\/strong><\/p>\n<p>Die angebotenen Dienstleistungen stellen keinen Ersatz f\u00fcr eine medizinische Behandlung oder Diagnose dar.<\/p>\n<p><strong>EU-STREITSCHLICHTUNG<\/strong><\/p>\n<p>Verbraucher haben die M\u00f6glichkeit, Beschwerden an die Online-Streitbeilegungsplattform der EU zu richten: http:\/\/ec.europa.eu\/ oder Sie k\u00f6nnen eine allf\u00e4llige Beschwerde auch an die oben angegebene E-Mail-Adresse richten.<\/p>\n<p><strong>DATENSCHUTZ<\/strong><\/p>\n<p>Personenbezogene Daten werden gem\u00e4\u00df den Bestimmungen des \u00f6sterreichischen Datenschutzgesetzes in seiner jeweils g\u00fcltigen Fassung streng vertraulich behandelt.<\/p>\n<p><strong>HAFTUNG F\u00dcR LINKS<br \/>\n<\/strong><\/p>\n<p>Bei allen auf dieser Website genannten und verlinkten weiteren Sites sind deren Betreiber f\u00fcr ihre Inhalte selbst verantwortlich. F\u00fcr die externen Links und deren Inhalte \u00fcbernehme ich keine Haftung.<\/p>\n<p><strong>URHEBERRECHT<\/strong><\/p>\n<p>Alle von mir selbst erstellten Daten, Bilder und Grafiken dieser Seiten sind urheberrechtlich gesch\u00fctzt. Eine Vervielf\u00e4ltigung oder Verwendung meiner Daten, Bilder und Grafiken sind ohne meiner ausdr\u00fcckliche Zustimmung nicht gestattet.<\/p>\n","protected":false},"excerpt":{"rendered":"<p>Mag. Karin Mayer Dipl. Psychologin, Universit\u00e4t Wien Cranio Sacral Balancing \/ Cranio Sacrale K\u00f6rperarbeit, Wifi Wien Feldenkrais (nach Mosh\u00e9 Feldenkrais), Feldenkrais Institut Wien Focusing (nach Eugene T. Gendlin), DAF Salzburg 1050 Wien, Johannagasse 2\/19 E-Mail:\u00a0mayer@innerebalance.at Tel.: 0676 \/ 60 17 305 RECHTLICHE HINWEISE Berufsbezeichung: Humanenergetikerin Unternehmensgegenstand: freies Gewerbe UID-Nummer: Keine UID-Nummer aufgrund der Kleinunternehmerregelung gem\u00e4\u00df &hellip; <\/p>\n<p><a class=\"more-link btn\" href=\"https:\/\/www.innerebalance.at\/?page_id=49\">Weiterlesen<\/a><\/p>\n","protected":false},"author":1,"featured_media":0,"parent":0,"menu_order":0,"comment_status":"closed","ping_status":"closed","template":"","meta":{"footnotes":""},"class_list":["post-49","page","type-page","status-publish","hentry","nodate","item-wrap"],"_links":{"self":[{"href":"https:\/\/www.innerebalance.at\/index.php?rest_route=\/wp\/v2\/pages\/49","targetHints":{"allow":["GET"]}}],"collection":[{"href":"https:\/\/www.innerebalance.at\/index.php?rest_route=\/wp\/v2\/pages"}],"about":[{"href":"https:\/\/www.innerebalance.at\/index.php?rest_route=\/wp\/v2\/types\/page"}],"author":[{"embeddable":true,"href":"https:\/\/www.innerebalance.at\/index.php?rest_route=\/wp\/v2\/users\/1"}],"replies":[{"embeddable":true,"href":"https:\/\/www.innerebalance.at\/index.php?rest_route=%2Fwp%2Fv2%2Fcomments&post=49"}],"version-history":[{"count":23,"href":"https:\/\/www.innerebalance.at\/index.php?rest_route=\/wp\/v2\/pages\/49\/revisions"}],"predecessor-version":[{"id":596,"href":"https:\/\/www.innerebalance.at\/index.php?rest_route=\/wp\/v2\/pages\/49\/revisions\/596"}],"wp:attachment":[{"href":"https:\/\/www.innerebalance.at\/index.php?rest_route=%2Fwp%2Fv2%2Fmedia&parent=49"}],"curies":[{"name":"wp","href":"https:\/\/api.w.org\/{rel}","templated":true}]}}