{"id":6,"date":"2016-10-31T18:47:06","date_gmt":"2016-10-31T17:47:06","guid":{"rendered":"http:\/\/www.innerebalance.at\/?page_id=6"},"modified":"2022-12-31T23:04:30","modified_gmt":"2022-12-31T22:04:30","slug":"cranio-sacrale-koerperarbeit","status":"publish","type":"page","link":"https:\/\/www.innerebalance.at\/?page_id=6","title":{"rendered":"Cranio Sacral Balancing"},"content":{"rendered":"\n<p><\/p>\n\n\n\n<p><\/p>\n\n\n<p><strong><img loading=\"lazy\" decoding=\"async\" class=\"alignnone  wp-image-103\" src=\"https:\/\/www.innerebalance.at\/wp-content\/uploads\/2016\/10\/Homepage-Cranio-1-1.jpg\" alt=\"Homepage-Cranio-1\" width=\"434\" height=\"289\" srcset=\"https:\/\/www.innerebalance.at\/wp-content\/uploads\/2016\/10\/Homepage-Cranio-1-1.jpg 689w, https:\/\/www.innerebalance.at\/wp-content\/uploads\/2016\/10\/Homepage-Cranio-1-1-300x200.jpg 300w\" sizes=\"auto, (max-width: 434px) 100vw, 434px\" \/><\/strong><\/p>\n<h4><span style=\"color: #0000ff;\"><strong><span style=\"color: #000000;\">Cranio Sacrale K\u00f6rperarbeit \/ Cranio Sacral Balancing \u2013<\/span> <span style=\"color: #000000;\">mit den H\u00e4nden h\u00f6ren \/ Humanenergetik<br \/><\/span><\/strong><\/span><\/h4>\n<p>\u00a0<\/p>\n<h4>Die Canio Sacrale K\u00f6rperarbeit \/ Cranio Sacral Balancing hat als Ziel, die k\u00f6rpereigene Regulationsf\u00e4higkeit und somit die Selbstheilungskr\u00e4fte anzuregen.\u00a0<\/h4>\n<h4>Bei dieser Methode wird eine spezifische k\u00f6rpereigene Schwingung (der osteopathische Rhythmus) genutzt, der vor allem am Kopf, entlang der Wirbels\u00e4ule und am Kreuzbein wahrnehmbar ist. Energetische Blockaden und Disbalancen werden durch eine sanfte Ber\u00fchrung mit den H\u00e4nden lokalisiert und wieder in Einklang gebracht. Dadurch wird das innere und \u00e4u\u00dfere Gleichgewicht wiederhergestellt, was grunds\u00e4tzlich als stressreduzierend und entspannend erlebt wird.<\/h4>\n<h4>Die Cranio Sacrale K\u00f6rperarbeit findet meistens liegend in der Alltagskleidung statt und dauert 60 Minuten.<\/h4>\n<h4>Der Einsatz der Cranio Sacralen K\u00f6rperarbeit ist vielseitig und sowohl f\u00fcr Kinder als auch Erwachsene jeden Alters geeignet.<\/h4>\n<h4><span style=\"color: #0000ff;\"><span style=\"color: #000000;\"><em>Cranio<\/em> <em>Sacral<\/em> <em>Balancing \/ Cranio Sacrale K\u00f6rperarbeit<\/em> <em>ist<\/em> <em>keine<\/em> <em>medizinische<\/em> <em>Behandlung und ersetzt daher keinen Arztbesuch. Sie kann jedoch die medizinsiche Therapie erg\u00e4nzen und das Wohlbefinden steigern. <br \/><\/em><\/span><\/span><\/h4>\n<h4><strong>Geschichtlicher Hintergrund<\/strong><\/h4>\n<h4>Wie der Name \u201eCranio Sacral\u201c besagt, wurden die craniosacralen Schwingungen vom Osteopathen William G. Sutherland (1873-1954) zuerst am Kopf (Cranium) und beim Kreuzbein (Sacrum) entdeckt. Tats\u00e4chlich ist sie am ganzen K\u00f6rper (mit einer Frequenz von 8-12 Zyklen pro Minute) sp\u00fcrbar.<\/h4>","protected":false},"excerpt":{"rendered":"<p>Cranio Sacrale K\u00f6rperarbeit \/ Cranio Sacral Balancing \u2013 mit den H\u00e4nden h\u00f6ren \/ Humanenergetik \u00a0 Die Canio Sacrale K\u00f6rperarbeit \/ Cranio Sacral Balancing hat als Ziel, die k\u00f6rpereigene Regulationsf\u00e4higkeit und somit die Selbstheilungskr\u00e4fte anzuregen.\u00a0 Bei dieser Methode wird eine spezifische k\u00f6rpereigene Schwingung (der osteopathische Rhythmus) genutzt, der vor allem am Kopf, entlang der Wirbels\u00e4ule und &hellip; <\/p>\n<p><a class=\"more-link btn\" href=\"https:\/\/www.innerebalance.at\/?page_id=6\">Weiterlesen<\/a><\/p>\n","protected":false},"author":1,"featured_media":0,"parent":0,"menu_order":0,"comment_status":"closed","ping_status":"closed","template":"","meta":{"footnotes":""},"class_list":["post-6","page","type-page","status-publish","hentry","nodate","item-wrap"],"_links":{"self":[{"href":"https:\/\/www.innerebalance.at\/index.php?rest_route=\/wp\/v2\/pages\/6","targetHints":{"allow":["GET"]}}],"collection":[{"href":"https:\/\/www.innerebalance.at\/index.php?rest_route=\/wp\/v2\/pages"}],"about":[{"href":"https:\/\/www.innerebalance.at\/index.php?rest_route=\/wp\/v2\/types\/page"}],"author":[{"embeddable":true,"href":"https:\/\/www.innerebalance.at\/index.php?rest_route=\/wp\/v2\/users\/1"}],"replies":[{"embeddable":true,"href":"https:\/\/www.innerebalance.at\/index.php?rest_route=%2Fwp%2Fv2%2Fcomments&post=6"}],"version-history":[{"count":20,"href":"https:\/\/www.innerebalance.at\/index.php?rest_route=\/wp\/v2\/pages\/6\/revisions"}],"predecessor-version":[{"id":608,"href":"https:\/\/www.innerebalance.at\/index.php?rest_route=\/wp\/v2\/pages\/6\/revisions\/608"}],"wp:attachment":[{"href":"https:\/\/www.innerebalance.at\/index.php?rest_route=%2Fwp%2Fv2%2Fmedia&parent=6"}],"curies":[{"name":"wp","href":"https:\/\/api.w.org\/{rel}","templated":true}]}}