{"id":91,"date":"2016-11-03T07:36:45","date_gmt":"2016-11-03T06:36:45","guid":{"rendered":"http:\/\/www.innerebalance.at\/?page_id=91"},"modified":"2025-12-27T23:01:59","modified_gmt":"2025-12-27T22:01:59","slug":"focusing","status":"publish","type":"page","link":"https:\/\/www.innerebalance.at\/?page_id=91","title":{"rendered":"Focusing"},"content":{"rendered":"\n<p class=\"has-vivid-cyan-blue-color has-text-color has-large-font-size\">&#8222;Was sein darf, kann sich ver\u00e4ndern.&#8220; (Eugene T. Gendlin)<\/p>\n\n\n<h4>Die Kreativit\u00e4t erh\u00f6hen, die richtigen Entscheidungen treffen, Probleme l\u00f6sen, Tr\u00e4ume interpretieren, sich selber besser verstehen lernen. Das sind nur einige Vorteile der Focusing Methode.<\/h4>\n<h4>Focusing ist keine Therapie. Focusing ist ein Wahrnehmen oder \u201eErlauschen\u201c von inneren Vorg\u00e4ngen, die oft nicht klar und bewusst sind. Wichtig ist dabei eine absichtslose Haltung, durch die es m\u00f6glich wird, dass Bilder, Stimmungen oder Erkenntnisse, die zum aktuellen Thema geh\u00f6ren, sichtbar werden.\u00a0<\/h4>\n<h4>Der Begr\u00fcnder von <strong>Focusing<\/strong>, <strong>Eugene T. Gendlin<\/strong>, beobachtete in seinen Sitzungen immer wieder den gro\u00dfen Zusammenhang zwischen den k\u00f6rperlichen und seelischen Prozessen.<\/h4>\n<h4>Durch <strong>Focusing<\/strong> kann<\/h4>\n<ul>\n<li>\n<h4>eine Verbindung zur eigenen, inneren Weisheit hergestellt werden<\/h4>\n<\/li>\n<li>\n<h4>ein besseres Verst\u00e4ndnis f\u00fcr sich selber erreicht werden<\/h4>\n<\/li>\n<li>\n<h4>das eigene kreative Potential erh\u00f6ht werden<\/h4>\n<\/li>\n<li>\n<h4>das Selbstbewusstsein gest\u00e4rkt werden<\/h4>\n<\/li>\n<li>\n<h4>die Kreativit\u00e4t gesteigert werden<\/h4>\n<\/li>\n<li>\n<h4>der Umgang in Beziehungen ver\u00e4ndert werden.<\/h4>\n<\/li>\n<\/ul>\n<h4>Focusing Sitzungen k\u00f6nnen nach Wunsch unterschiedlich lang sein (z.B. 30 Minuten, 50 Minuten, etc.) und sind auch online m\u00f6glich.<\/h4>\n<h4><em>Focusing ist keine Therapie und ersetzt keine psychotherapeutische oder psychologische Behandlung!<\/em><\/h4>\n<h4>Interesse an Ausbildungen und Seminaren? Bitte informieren Sie sich unter &#8222;Seminare &amp; Workshops&#8220;.<\/h4>\n<h4>Kostenfreie Online-Gruppenfocusing unter: <a href=\"https:\/\/www.daf-focusing-akademie.com\/online-focusing-time-oft\/\">Online-Focusing-Time (OFT) \/ DAF (daf-focusing-akademie.com) <\/a><\/h4>\n\n\n<figure class=\"wp-block-image size-large is-resized\"><img loading=\"lazy\" decoding=\"async\" width=\"1024\" height=\"683\" src=\"https:\/\/www.innerebalance.at\/wp-content\/uploads\/2020\/07\/lens-1209823_1920-1024x683.jpg\" alt=\"\" class=\"wp-image-234\" style=\"width:341px;height:227px\" srcset=\"https:\/\/www.innerebalance.at\/wp-content\/uploads\/2020\/07\/lens-1209823_1920-1024x683.jpg 1024w, https:\/\/www.innerebalance.at\/wp-content\/uploads\/2020\/07\/lens-1209823_1920-300x200.jpg 300w, https:\/\/www.innerebalance.at\/wp-content\/uploads\/2020\/07\/lens-1209823_1920-768x512.jpg 768w, https:\/\/www.innerebalance.at\/wp-content\/uploads\/2020\/07\/lens-1209823_1920-1536x1024.jpg 1536w, https:\/\/www.innerebalance.at\/wp-content\/uploads\/2020\/07\/lens-1209823_1920.jpg 1920w\" sizes=\"auto, (max-width: 1024px) 100vw, 1024px\" \/><\/figure>\n\n\n\n<p><\/p>\n\n\n\n<p><\/p>\n\n\n\n<h2 class=\"wp-block-heading\">Focusing Basis Seminare 2026\/27 in Wien<\/h2>\n\n\n\n<p><\/p>\n\n\n\n<p><\/p>\n\n\n\n<p>In einer sicheren und akzeptierenden Gruppenatmosph\u00e4re erfahren Sie \u201eFocusing pur\u201c. Sie werden eigene Focusing-Prozesse erleben und die Grundlagen des Prozessbegleitens trainieren.<\/p>\n\n\n\n<p>Dabei lernen Sie Focusing f\u00fcr sich selbst (Selbst-Focusing) und mit anderen (Partnerschaftliches Focusing) in pers\u00f6nlichen und beruflichen Situationen anzuwenden.<\/p>\n\n\n\n<p>Die Weiterbildung besteht aus den Basisseminaren I bis V.<\/p>\n\n\n\n<p>In unseren Seminaren arbeiten wir mit k\u00f6rperlichen Achtsamkeits\u00fcbungen, Gruppenfocusing, Lectures, methodischem Training in Kleingruppen und Partnerschaftlichem Focusing.<\/p>\n\n\n\n<p><\/p>\n\n\n\n<p><strong>Ort: <\/strong>Pacassistra\u00dfe 67, 1130 Wien. \u201eLicht und Schatten\u201c \u2013 Studio f\u00fcr Feldenkrais, Yoga und Theaterarbeit.<\/p>\n\n\n\n<p><strong>Termine ab Fr\u00fchling 2025<\/strong><\/p>\n\n\n\n<p>Seminar I:&nbsp;&nbsp;&nbsp;&nbsp;&nbsp;&nbsp;&nbsp;&nbsp;&nbsp;&nbsp; 09.10. \u2013 11.10.2026&nbsp;&nbsp;&nbsp;&nbsp;&nbsp;&nbsp;&nbsp;&nbsp;&nbsp;&nbsp;&nbsp;&nbsp;&nbsp;&nbsp;&nbsp;&nbsp;&nbsp;&nbsp;&nbsp;&nbsp;&nbsp;&nbsp;&nbsp;&nbsp;&nbsp;&nbsp; Fr + Sa: 10 \u2013 18:30 Uhr, So \u2013 16 Uhr<\/p>\n\n\n\n<p>Seminar II:&nbsp;&nbsp;&nbsp;&nbsp;&nbsp;&nbsp;&nbsp;&nbsp;&nbsp; 13.11. \u2013 15.11.2026&nbsp;&nbsp;&nbsp;&nbsp;&nbsp;&nbsp;&nbsp;&nbsp;&nbsp;&nbsp;&nbsp;&nbsp;&nbsp;&nbsp;&nbsp;&nbsp;&nbsp;&nbsp;&nbsp;&nbsp;&nbsp;&nbsp;&nbsp;&nbsp;&nbsp;&nbsp; Fr + Sa: 10 \u2013 18:30 Uhr, So \u2013 16 Uhr<\/p>\n\n\n\n<p>Seminar III:\u00a0 \u00a0\u00a0\u00a0\u00a0 \u00a0 11.12. \u2013 13.12.2026 \u00a0\u00a0\u00a0\u00a0\u00a0\u00a0\u00a0\u00a0\u00a0\u00a0\u00a0\u00a0\u00a0\u00a0\u00a0\u00a0\u00a0\u00a0\u00a0\u00a0\u00a0\u00a0\u00a0\u00a0\u00a0\u00a0Fr + Sa: 10 \u2013 18:30 Uhr, So \u2013 16 Uhr<\/p>\n\n\n\n<p>Seminar IV:\u00a0\u00a0\u00a0\u00a0\u00a0\u00a0\u00a0  22.01. \u2013 24.01.2027\u00a0\u00a0\u00a0\u00a0\u00a0\u00a0\u00a0\u00a0\u00a0\u00a0\u00a0\u00a0\u00a0\u00a0\u00a0\u00a0\u00a0\u00a0\u00a0\u00a0\u00a0\u00a0\u00a0\u00a0\u00a0\u00a0\u00a0Fr + Sa: 10 \u2013 18:30 Uhr, So \u2013 16 Uhr<\/p>\n\n\n\n<p>Seminar V:&nbsp;&nbsp;&nbsp;&nbsp;&nbsp;&nbsp;&nbsp;&nbsp;&nbsp; 26.02. \u2013 28.02.2027 &nbsp;&nbsp;&nbsp;&nbsp;&nbsp;&nbsp;&nbsp;&nbsp;&nbsp;&nbsp;&nbsp;&nbsp;&nbsp;&nbsp;&nbsp;&nbsp;&nbsp;&nbsp;&nbsp;&nbsp;&nbsp;&nbsp;&nbsp;&nbsp;&nbsp;&nbsp;&nbsp;Fr + Sa: 10 \u2013 18:30 Uhr, So \u2013 16 Uhr<\/p>\n\n\n\n<p><strong>Voraussetzungen:<\/strong> zug\u00e4nglich f\u00fcr alle interessierten Personen<\/p>\n\n\n\n<p><strong>Umfang und Kosten:<\/strong><br>5 dreit\u00e4gige Seminare: \u20ac 2.400,\u2013 zahlbar auch in 5 Raten \u00e0 \u20ac 480,\u2013 m\u00f6glich <br>(auf Anfrage: 30% Erm\u00e4\u00dfigung f\u00fcr Studierende und Auszubildende ohne Nebeneink\u00fcnfte m\u00f6glich)<\/p>\n\n\n\n<p>Tagungspauschale (Raumkosten )\/ Seminar: \u20ac 40 pro Seminar und Teilnehmer:in<\/p>\n\n\n\n<p><strong>Abschluss:<\/strong><br><strong>Zertifikat<\/strong> \u201eFocusing-Begleiter:in DAF\u201c m\u00f6glich<\/p>\n\n\n\n<p><strong>Teilnehmer:innenzahlbeschr\u00e4nkung:<\/strong><br>Da wir die Teilnehmer:innenzahl auf maximal 12 beschr\u00e4nken, empfehlen wir Ihnen, sich rechtzeitig anzumelden.<\/p>\n\n\n\n<p><strong>Anmeldung<\/strong>: <a href=\"mailto:info@daf-focusing-akademie.com\">info@daf-focusing-akademie.com<\/a><\/p>\n\n\n\n<p>Weitere <strong>Informationen<\/strong> unter: <a href=\"https:\/\/www.daf-focusing-akademie.com\/weiterbildungen\/basis\/\">https:\/\/www.daf-focusing-akademie.com\/weiterbildungen\/basis\/<\/a><\/p>\n\n\n\n<p><strong>Leitung:<\/strong> Mag.<sup>a<\/sup> Inge Pinzker (Tel.: 0699 113 50 676), www.inge-pinzker.at und Mag.<sup>a<\/sup> Karin Mayer (Tel.: 0676 60 17&nbsp;305)<\/p>\n\n\n\n<p><\/p>\n\n\n\n<p class=\"has-text-align-center\">______________________________________________________________________<\/p>\n\n\n\n<p class=\"has-text-align-center has-vivid-red-color has-text-color\" style=\"font-size:18px\"><strong>FOCUSINGJOURNAL<\/strong><\/p>\n\n\n\n<p><\/p>\n\n\n\n<p class=\"has-text-align-center\" style=\"font-size:17px\">Die <strong>Zeitschrift zur Kultur der Achtsamkeit<br><\/strong>gegr\u00fcndet 1998, herausgegeben von Johannes Wiltschko <\/p>\n\n\n\n<p class=\"has-text-align-center\" style=\"font-size:17px\">DAF-AKADEMIE <\/p>\n\n\n\n<p class=\"has-text-align-center\" style=\"font-size:17px\"><a href=\"https:\/\/www.daf-focusing-akademie.com\/news\/aktuelles\/\">https:\/\/www.daf-focusing-akademie.com\/news\/aktuelles\/<\/a><\/p>\n\n\n\n<p class=\"has-text-align-center\">&#8212;&#8212;&#8212;&#8212;&#8212;&#8212;&#8212;&#8212;&#8212;&#8212;&#8212;-<\/p>\n\n\n\n<p style=\"font-size:17px\">Im <strong>FOCUSING<\/strong>JOURNAL werden k\u00fcrzere, l\u00e4ngere und ganz kurze Texte, in denen laut und \u00f6ffentlich \u00fcber Focusing nachgedacht, fokussiert, berichtet, gestritten und informiert wird, ver\u00f6ffentlicht.<\/p>\n\n\n\n<p style=\"font-size:17px\">Wenn Sie die drei letzten <strong>FOCUSING<\/strong>JOURNALE&nbsp;<strong>kostenlos herunterladen<\/strong> oder ausdrucken wollen, dann k\u00f6nnen Sie das unter folgendem Link tun:<\/p>\n\n\n\n<p class=\"has-text-align-center\">&#8212;&#8212;&#8212;&#8211;<\/p>\n\n\n\n<p><a href=\"https:\/\/www.daf-focusing-akademie.com\/medien\/#journal\">https:\/\/www.daf-focusing-akademie.com\/medien\/#journal<\/a><\/p>\n\n\n\n<p class=\"has-text-align-center\"><\/p>\n\n\n\n<p class=\"has-text-align-center\" style=\"font-size:17px\"><\/p>\n\n\n\n<p class=\"has-text-align-center\"><\/p>\n\n\n\n<p class=\"has-text-align-center\" style=\"font-size:17px\"><\/p>\n","protected":false},"excerpt":{"rendered":"<p>&#8222;Was sein darf, kann sich ver\u00e4ndern.&#8220; (Eugene T. Gendlin) Die Kreativit\u00e4t erh\u00f6hen, die richtigen Entscheidungen treffen, Probleme l\u00f6sen, Tr\u00e4ume interpretieren, sich selber besser verstehen lernen. Das sind nur einige Vorteile der Focusing Methode. Focusing ist keine Therapie. Focusing ist ein Wahrnehmen oder \u201eErlauschen\u201c von inneren Vorg\u00e4ngen, die oft nicht klar und bewusst sind. Wichtig ist &hellip; <\/p>\n<p><a class=\"more-link btn\" href=\"https:\/\/www.innerebalance.at\/?page_id=91\">Weiterlesen<\/a><\/p>\n","protected":false},"author":1,"featured_media":0,"parent":0,"menu_order":0,"comment_status":"closed","ping_status":"closed","template":"","meta":{"footnotes":""},"class_list":["post-91","page","type-page","status-publish","hentry","nodate","item-wrap"],"_links":{"self":[{"href":"https:\/\/www.innerebalance.at\/index.php?rest_route=\/wp\/v2\/pages\/91","targetHints":{"allow":["GET"]}}],"collection":[{"href":"https:\/\/www.innerebalance.at\/index.php?rest_route=\/wp\/v2\/pages"}],"about":[{"href":"https:\/\/www.innerebalance.at\/index.php?rest_route=\/wp\/v2\/types\/page"}],"author":[{"embeddable":true,"href":"https:\/\/www.innerebalance.at\/index.php?rest_route=\/wp\/v2\/users\/1"}],"replies":[{"embeddable":true,"href":"https:\/\/www.innerebalance.at\/index.php?rest_route=%2Fwp%2Fv2%2Fcomments&post=91"}],"version-history":[{"count":67,"href":"https:\/\/www.innerebalance.at\/index.php?rest_route=\/wp\/v2\/pages\/91\/revisions"}],"predecessor-version":[{"id":778,"href":"https:\/\/www.innerebalance.at\/index.php?rest_route=\/wp\/v2\/pages\/91\/revisions\/778"}],"wp:attachment":[{"href":"https:\/\/www.innerebalance.at\/index.php?rest_route=%2Fwp%2Fv2%2Fmedia&parent=91"}],"curies":[{"name":"wp","href":"https:\/\/api.w.org\/{rel}","templated":true}]}}